{"id":40,"date":"2025-01-10T16:41:08","date_gmt":"2025-01-10T14:41:08","guid":{"rendered":"https:\/\/weischet.de\/?page_id=40"},"modified":"2025-01-10T16:44:13","modified_gmt":"2025-01-10T14:44:13","slug":"datenschutzerklaerung","status":"publish","type":"page","link":"https:\/\/weischet.de\/?page_id=40","title":{"rendered":"Datenschutzerkl\u00e4rung"},"content":{"rendered":"\n<ol class=\"wp-block-list\">\n<li>Allgemeine Hinweise und Pflichtinformationen<\/li>\n<\/ol>\n\n\n\n<p>Die Betreiberin dieser Website nimmt den Schutz Ihrer pers\u00f6nlichen Daten sehr ernst. Ihre personenbezogenen Daten werden vertraulich und entsprechend der gesetzlichen Datenschutzvorschriften sowie dieser Datenschutzerkl\u00e4rung behandelt.<\/p>\n\n\n\n<p>Wenn Sie diese Website benutzen, werden verschiedene personenbezogene Daten erhoben. Personenbezogene Daten sind Daten, mit denen Sie pers\u00f6nlich identifiziert werden k\u00f6nnen. Diese Datenschutzerkl\u00e4rung erl\u00e4utert, welche Daten wir erheben und wof\u00fcr wir sie nutzen. Sie erl\u00e4utert auch, wie und zu welchem Zweck das geschieht.<\/p>\n\n\n\n<ol start=\"2\" class=\"wp-block-list\">\n<li>Verantwortliche Stelle<\/li>\n<\/ol>\n\n\n\n<p>Verantwortlich f\u00fcr die Datenverarbeitung auf dieser Website ist:<\/p>\n\n\n\n<p>Markus Weischet<br>Tiefer Pfad 8<br>45657 Recklinghausen<br><a href=\"https:\/\/bunnys-art.de\/meine-kontaktdaten\/\">E-Mail<\/a>: <a href=\"https:\/\/weischet.de\/?page_id=29\" data-type=\"page\" data-id=\"29\">Kontaktformular<\/a><br>Telefon +49 (0) 2361 302 68 16<\/p>\n\n\n\n<ol start=\"3\" class=\"wp-block-list\">\n<li>Datenerfassung auf dieser Website<\/li>\n<\/ol>\n\n\n\n<p>a) Server-Log-Dateien<\/p>\n\n\n\n<p>Der Provider der Seiten erhebt und speichert automatisch Informationen in sogenannten Server-Log-Dateien, die Ihr Browser automatisch an uns \u00fcbermittelt. Dies sind:<\/p>\n\n\n\n<pre class=\"wp-block-code\"><code>Browsertyp und Browserversion\nVerwendetes Betriebssystem\nReferrer URL\nHostname des zugreifenden Rechners\nUhrzeit der Serveranfrage\nIP-Adresse<\/code><\/pre>\n\n\n\n<p>Eine Zusammenf\u00fchrung dieser Daten mit anderen Datenquellen wird nicht vorgenommen.<\/p>\n\n\n\n<p>b) Kontaktformular<\/p>\n\n\n\n<p>Wenn Sie uns per Kontaktformular Anfragen zukommen lassen, werden Ihre Angaben aus dem Anfrageformular inklusive der von Ihnen dort angegebenen Kontaktdaten (Name und E-Mail-Adresse) zwecks Bearbeitung der Anfrage und f\u00fcr den Fall von Anschlussfragen bei uns gespeichert. Diese Daten geben wir nicht ohne Ihre Einwilligung weiter.<br>Wir speichern Ihre personenbezogenen Daten nur so lange, wie dies f\u00fcr die Erreichung der in dieser Datenschutzerkl\u00e4rung genannten Zwecke erforderlich ist, insbesondere zur Erf\u00fcllung unserer vertraglichen und gesetzlichen Pflichten. Nach Wegfall des jeweiligen Zweckes bzw. nach Ablauf der gesetzlichen Aufbewahrungsfristen werden die entsprechenden Daten routinem\u00e4\u00dfig gel\u00f6scht.<\/p>\n\n\n\n<p>c) Cookies<\/p>\n\n\n\n<p>Die Internetseiten verwenden teilweise so genannte Cookies. Cookies richten auf Ihrem Rechner keinen Schaden an und enthalten keine Viren. Cookies dienen dazu, unser Angebot nutzerfreundlicher, effektiver und sicherer zu machen.<\/p>\n\n\n\n<ol start=\"4\" class=\"wp-block-list\">\n<li>Analyse-Tools und Werbung<\/li>\n<\/ol>\n\n\n\n<p>Derzeit verwenden wir keine Analyse-Tools und schalten keine Werbung auf dieser Website.<\/p>\n\n\n\n<ol start=\"5\" class=\"wp-block-list\">\n<li>Ihre Rechte<\/li>\n<\/ol>\n\n\n\n<p>Sie haben im Rahmen der geltenden gesetzlichen Bestimmungen jederzeit das Recht auf unentgeltliche Auskunft \u00fcber Ihre gespeicherten personenbezogenen Daten, deren Herkunft und Empf\u00e4nger und den Zweck der Datenverarbeitung und ggf. ein Recht auf Berichtigung, Sperrung oder L\u00f6schung dieser Daten.<\/p>\n\n\n\n<ol start=\"6\" class=\"wp-block-list\">\n<li>Widerspruch gegen Werbe-E-Mails<\/li>\n<\/ol>\n\n\n\n<p>Der Nutzung von im Rahmen der Impressumspflicht ver\u00f6ffentlichten Kontaktdaten zur \u00dcbersendung von nicht ausdr\u00fccklich angeforderter Werbung und Informationsmaterialien wird hiermit widersprochen. Die Betreiberin der Seiten beh\u00e4lt sich ausdr\u00fccklich rechtliche Schritte im Falle der unverlangten Zusendung von Werbeinformationen, etwa durch Spam-E-Mails, vor.<\/p>\n","protected":false},"excerpt":{"rendered":"<p>Die Betreiberin dieser Website nimmt den Schutz Ihrer pers\u00f6nlichen Daten sehr ernst. Ihre personenbezogenen Daten werden vertraulich und entsprechend der gesetzlichen Datenschutzvorschriften sowie dieser Datenschutzerkl\u00e4rung behandelt. Wenn Sie diese Website benutzen, werden verschiedene personenbezogene Daten erhoben. Personenbezogene Daten sind Daten, mit denen Sie pers\u00f6nlich identifiziert werden k\u00f6nnen. Diese Datenschutzerkl\u00e4rung erl\u00e4utert, welche Daten wir erheben und [&hellip;]<\/p>\n","protected":false},"author":1,"featured_media":0,"parent":0,"menu_order":0,"comment_status":"closed","ping_status":"closed","template":"","meta":{"site-sidebar-layout":"default","site-content-layout":"","ast-site-content-layout":"default","site-content-style":"default","site-sidebar-style":"default","ast-global-header-display":"","ast-banner-title-visibility":"","ast-main-header-display":"","ast-hfb-above-header-display":"","ast-hfb-below-header-display":"","ast-hfb-mobile-header-display":"","site-post-title":"","ast-breadcrumbs-content":"","ast-featured-img":"","footer-sml-layout":"","ast-disable-related-posts":"","theme-transparent-header-meta":"","adv-header-id-meta":"","stick-header-meta":"","header-above-stick-meta":"","header-main-stick-meta":"","header-below-stick-meta":"","astra-migrate-meta-layouts":"set","ast-page-background-enabled":"default","ast-page-background-meta":{"desktop":{"background-color":"","background-image":"","background-repeat":"repeat","background-position":"center center","background-size":"auto","background-attachment":"scroll","background-type":"","background-media":"","overlay-type":"","overlay-color":"","overlay-opacity":"","overlay-gradient":""},"tablet":{"background-color":"","background-image":"","background-repeat":"repeat","background-position":"center center","background-size":"auto","background-attachment":"scroll","background-type":"","background-media":"","overlay-type":"","overlay-color":"","overlay-opacity":"","overlay-gradient":""},"mobile":{"background-color":"","background-image":"","background-repeat":"repeat","background-position":"center center","background-size":"auto","background-attachment":"scroll","background-type":"","background-media":"","overlay-type":"","overlay-color":"","overlay-opacity":"","overlay-gradient":""}},"ast-content-background-meta":{"desktop":{"background-color":"var(--ast-global-color-5)","background-image":"","background-repeat":"repeat","background-position":"center center","background-size":"auto","background-attachment":"scroll","background-type":"","background-media":"","overlay-type":"","overlay-color":"","overlay-opacity":"","overlay-gradient":""},"tablet":{"background-color":"var(--ast-global-color-5)","background-image":"","background-repeat":"repeat","background-position":"center center","background-size":"auto","background-attachment":"scroll","background-type":"","background-media":"","overlay-type":"","overlay-color":"","overlay-opacity":"","overlay-gradient":""},"mobile":{"background-color":"var(--ast-global-color-5)","background-image":"","background-repeat":"repeat","background-position":"center center","background-size":"auto","background-attachment":"scroll","background-type":"","background-media":"","overlay-type":"","overlay-color":"","overlay-opacity":"","overlay-gradient":""}},"footnotes":""},"class_list":["post-40","page","type-page","status-publish","hentry"],"_links":{"self":[{"href":"https:\/\/weischet.de\/index.php?rest_route=\/wp\/v2\/pages\/40","targetHints":{"allow":["GET"]}}],"collection":[{"href":"https:\/\/weischet.de\/index.php?rest_route=\/wp\/v2\/pages"}],"about":[{"href":"https:\/\/weischet.de\/index.php?rest_route=\/wp\/v2\/types\/page"}],"author":[{"embeddable":true,"href":"https:\/\/weischet.de\/index.php?rest_route=\/wp\/v2\/users\/1"}],"replies":[{"embeddable":true,"href":"https:\/\/weischet.de\/index.php?rest_route=%2Fwp%2Fv2%2Fcomments&post=40"}],"version-history":[{"count":3,"href":"https:\/\/weischet.de\/index.php?rest_route=\/wp\/v2\/pages\/40\/revisions"}],"predecessor-version":[{"id":46,"href":"https:\/\/weischet.de\/index.php?rest_route=\/wp\/v2\/pages\/40\/revisions\/46"}],"wp:attachment":[{"href":"https:\/\/weischet.de\/index.php?rest_route=%2Fwp%2Fv2%2Fmedia&parent=40"}],"curies":[{"name":"wp","href":"https:\/\/api.w.org\/{rel}","templated":true}]}}