{"id":32,"date":"2020-06-07T12:40:09","date_gmt":"2020-06-07T10:40:09","guid":{"rendered":"https:\/\/weischet.de\/?page_id=32"},"modified":"2020-06-07T12:41:26","modified_gmt":"2020-06-07T10:41:26","slug":"publikationen","status":"publish","type":"page","link":"https:\/\/weischet.de\/?page_id=32","title":{"rendered":"Publikationen"},"content":{"rendered":"\n<div class=\"wp-block-group\"><div class=\"wp-block-group__inner-container is-layout-flow wp-block-group-is-layout-flow\">\n<h4 class=\"wp-block-heading\">Beziehungen zwischen Berufsbildungs- und Hochschulsystem im Medium dualer Studieng\u00e4nge<\/h4>\n\n\n\n<h6 class=\"wp-block-heading\">Autoren<\/h6>\n\n\n\n<p class=\"has-small-font-size\">Harney, Klaus<br>Hartz. Stefanie<br>Weischet, Markus<\/p>\n\n\n\n<h6 class=\"wp-block-heading\">Zusammenfassung<\/h6>\n\n\n\n<p class=\"has-small-font-size\">Die Publikation besch\u00e4ftigt sich mit der Substitutionsproblematik zwischen Hochschul- und Berufsbildungssystem. Um diese Fragestellung zu bearbeiten schloss sich die Studie an das Projekt des Bundesinstituts fuer Berufsbildung (BIBB) &#8218;Duale berufliche Bildungsg\u00e4nge im Terti\u00e4ren Bereich &#8211; M\u00f6glichkeiten und Grenzen einer fachlichen Kooperation von Betrieben mit Fachhochschulen und Berufsakademien&#8216; und verband das Untersuchungsinteresse mit dem im BIBB entwickelten Erhebungsinstrument. Die Datengewinnung im Rahmen des Projektes basiert auf dem im BIBB entwickelten Referenz-Betriebs-System. Im Mittelpunkt der Fragestellung stehen m\u00f6gliche Substitutionsbeziehungen zwischen unterschiedlichen Personalrekrutierungsstrategien ausbildender und gleichzeitig an Ausbildung institutionell interessierten Betriebe. Ein weiterer Schwerpunkt der Studie ist eine Kostenanalyse zu dualen Studieng\u00e4ngen. (IAB2)<\/p>\n\n\n\n<h6 class=\"wp-block-heading\">Erscheinungsdatum<\/h6>\n\n\n\n<p class=\"has-small-font-size\">Recklinghausen 2001; Forschungsinstitut f\u00fcr Arbeiterbildung: Analysen zur Aus- und Weiterbildung, Bd. 1 (100 S.)<\/p>\n\n\n\n<h6 class=\"wp-block-heading\">ISBN<\/h6>\n\n\n\n<p class=\"has-small-font-size\">ISBN 3-925724-22-2<\/p>\n<\/div><\/div>\n\n\n\n<div class=\"wp-block-group\"><div class=\"wp-block-group__inner-container is-layout-flow wp-block-group-is-layout-flow\">\n<h4 class=\"wp-block-heading\">Ambiente und Qualit\u00e4tseinsch\u00e4tzung in Weiterbildungsveranstaltungen<\/h4>\n<\/div><\/div>\n\n\n\n<p class=\"has-small-font-size\">Der Nutzen testanaly- tischer und multivariater Verfahren der Datenauswertung f\u00fcr die Verwertung von Teilnehmer- r\u00fcckmeldungen. In: Jahrbuch Arbeit, Bildung, Kultur, Bd. 21\/22, Jg. 2003\/2004, S.165 &#8211; 183 (zus. mit Markus Weischet)<\/p>\n\n\n\n<div class=\"wp-block-group\"><div class=\"wp-block-group__inner-container is-layout-flow wp-block-group-is-layout-flow\">\n<h4 class=\"wp-block-heading\">Dimensionalisierung, Gruppenbildung und Wahrscheinlichkeits\u00fcbergang<\/h4>\n\n\n\n<p class=\"has-small-font-size\">Zur Identifizier- und Interpretierbarkeit multivariater Beziehungen zwischen Milieu, Beruf und Weiterbildung an SOEP-Daten (zus. mit Markus Weischet und Christoph Fuhrmann). In: Zentralarchiv f\u00fcr Empiri- sche Sozialforschung an der Universit\u00e4t K\u00f6ln (Hrsg): ZA-Information 53 (November 2003), S.97 &#8211; 135*<\/p>\n<\/div><\/div>\n\n\n\n<div class=\"wp-block-group\"><div class=\"wp-block-group__inner-container is-layout-flow wp-block-group-is-layout-flow\">\n<h4 class=\"wp-block-heading\">Der Beruf als Input der Weiterbildung<\/h4>\n\n\n\n<p class=\"has-small-font-size\">In: Klaus Harney\/Heinz-Elmar Tenorth (Hrsg.): Beruf und Berufsbildung. Situation, Reformperspektiven, Gestaltungsm\u00f6glichkeiten. Weinheim\/Basel 1999 (= 40. Beiheft der Zeitschrift f\u00fcr P\u00e4dagogik), S. 273 &#8211; 288 (zus. mit Sabine Geselbracht und Markus Weischet)<\/p>\n<\/div><\/div>\n\n\n\n<div class=\"wp-block-group\"><div class=\"wp-block-group__inner-container is-layout-flow wp-block-group-is-layout-flow\">\n<h4 class=\"wp-block-heading\">Berufskollegs und Gymnasien im lokalen Bildungsquasimarkt<\/h4>\n\n\n\n<p class=\"has-small-font-size\"><a href=\"https:\/\/www.researchgate.net\/publication\/316918262_Berufskollegs_und_Gymnasien_im_lokalen_Bildungsquasimarkt_Die_Bedeutung_der_schulischen_Herkunft_und_der_schulspezifischen_Notengebung_bei_der_Auswahl_von_Ausbildungsplatzbewer-bern\" target=\"_blank\" rel=\"noreferrer noopener\">Die Bedeutung der schulischen Herkunft und der schulspezifischen Notengebung bei der Auswahl von Ausbildungsplatzbewerbern. In: Anne Busian\/Gerhard Drees\/Martin Lang (Hrsg.): Mensch &#8211; Bildung &#8211; Beruf. Heraus- forderungen an die Berufsp\u00e4dagogik. Bochum\/Freiburg 2004, S. 121 &#8211; 132 (zus. mit Anja Voss und Markus Weischet)<\/a><\/p>\n<\/div><\/div>\n","protected":false},"excerpt":{"rendered":"<p>Beziehungen zwischen Berufsbildungs- und Hochschulsystem im Medium dualer Studieng\u00e4nge Autoren Harney, KlausHartz. StefanieWeischet, Markus Zusammenfassung Die Publikation besch\u00e4ftigt sich mit der Substitutionsproblematik zwischen Hochschul- und Berufsbildungssystem. Um diese Fragestellung zu bearbeiten schloss sich die Studie an das Projekt des Bundesinstituts fuer Berufsbildung (BIBB) &#8218;Duale berufliche Bildungsg\u00e4nge im Terti\u00e4ren Bereich &#8211; M\u00f6glichkeiten und Grenzen einer fachlichen [&hellip;]<\/p>\n","protected":false},"author":1,"featured_media":0,"parent":0,"menu_order":0,"comment_status":"closed","ping_status":"closed","template":"","meta":{"site-sidebar-layout":"default","site-content-layout":"default","ast-site-content-layout":"default","site-content-style":"default","site-sidebar-style":"default","ast-global-header-display":"","ast-banner-title-visibility":"","ast-main-header-display":"","ast-hfb-above-header-display":"","ast-hfb-below-header-display":"","ast-hfb-mobile-header-display":"","site-post-title":"","ast-breadcrumbs-content":"","ast-featured-img":"","footer-sml-layout":"","ast-disable-related-posts":"","theme-transparent-header-meta":"default","adv-header-id-meta":"","stick-header-meta":"","header-above-stick-meta":"","header-main-stick-meta":"","header-below-stick-meta":"","astra-migrate-meta-layouts":"default","ast-page-background-enabled":"default","ast-page-background-meta":{"desktop":{"background-color":"","background-image":"","background-repeat":"repeat","background-position":"center center","background-size":"auto","background-attachment":"scroll","background-type":"","background-media":"","overlay-type":"","overlay-color":"","overlay-opacity":"","overlay-gradient":""},"tablet":{"background-color":"","background-image":"","background-repeat":"repeat","background-position":"center center","background-size":"auto","background-attachment":"scroll","background-type":"","background-media":"","overlay-type":"","overlay-color":"","overlay-opacity":"","overlay-gradient":""},"mobile":{"background-color":"","background-image":"","background-repeat":"repeat","background-position":"center center","background-size":"auto","background-attachment":"scroll","background-type":"","background-media":"","overlay-type":"","overlay-color":"","overlay-opacity":"","overlay-gradient":""}},"ast-content-background-meta":{"desktop":{"background-color":"var(--ast-global-color-5)","background-image":"","background-repeat":"repeat","background-position":"center center","background-size":"auto","background-attachment":"scroll","background-type":"","background-media":"","overlay-type":"","overlay-color":"","overlay-opacity":"","overlay-gradient":""},"tablet":{"background-color":"var(--ast-global-color-5)","background-image":"","background-repeat":"repeat","background-position":"center center","background-size":"auto","background-attachment":"scroll","background-type":"","background-media":"","overlay-type":"","overlay-color":"","overlay-opacity":"","overlay-gradient":""},"mobile":{"background-color":"var(--ast-global-color-5)","background-image":"","background-repeat":"repeat","background-position":"center center","background-size":"auto","background-attachment":"scroll","background-type":"","background-media":"","overlay-type":"","overlay-color":"","overlay-opacity":"","overlay-gradient":""}},"footnotes":""},"class_list":["post-32","page","type-page","status-publish","hentry"],"_links":{"self":[{"href":"https:\/\/weischet.de\/index.php?rest_route=\/wp\/v2\/pages\/32","targetHints":{"allow":["GET"]}}],"collection":[{"href":"https:\/\/weischet.de\/index.php?rest_route=\/wp\/v2\/pages"}],"about":[{"href":"https:\/\/weischet.de\/index.php?rest_route=\/wp\/v2\/types\/page"}],"author":[{"embeddable":true,"href":"https:\/\/weischet.de\/index.php?rest_route=\/wp\/v2\/users\/1"}],"replies":[{"embeddable":true,"href":"https:\/\/weischet.de\/index.php?rest_route=%2Fwp%2Fv2%2Fcomments&post=32"}],"version-history":[{"count":2,"href":"https:\/\/weischet.de\/index.php?rest_route=\/wp\/v2\/pages\/32\/revisions"}],"predecessor-version":[{"id":35,"href":"https:\/\/weischet.de\/index.php?rest_route=\/wp\/v2\/pages\/32\/revisions\/35"}],"wp:attachment":[{"href":"https:\/\/weischet.de\/index.php?rest_route=%2Fwp%2Fv2%2Fmedia&parent=32"}],"curies":[{"name":"wp","href":"https:\/\/api.w.org\/{rel}","templated":true}]}}