{"id":12,"date":"2020-06-06T13:07:22","date_gmt":"2020-06-06T11:07:22","guid":{"rendered":"https:\/\/weischet.de\/wordpress\/?page_id=12"},"modified":"2025-01-10T17:00:15","modified_gmt":"2025-01-10T15:00:15","slug":"homepage","status":"publish","type":"page","link":"https:\/\/weischet.de\/","title":{"rendered":"Homepage"},"content":{"rendered":"\n<p><strong>Datenaufbereitung<\/strong><\/p>\n\n\n\n<p>Aufbereitung der Daten aus verschiedenen Quellen<br><\/p>\n\n\n\n<p><strong>Deskriptive Datenanalyse<\/strong><\/p>\n\n\n\n<p>Statistische Beschreibung der Daten<br><\/p>\n\n\n\n<p><strong>Induktive Datenanalyse<\/strong><\/p>\n\n\n\n<p>Statistische \u00dcberpr\u00fcfung von Zusammenh\u00e4ngen anhand von Stichproben<br><\/p>\n\n\n\n<p><strong>Explorative Datenanalyse<\/strong><\/p>\n\n\n\n<p>Aufdecken bisher unbekannter Strukturen und Zusammenh\u00e4nge anhand von Stichproben<\/p>\n","protected":false},"excerpt":{"rendered":"<p>Datenaufbereitung Aufbereitung der Daten aus verschiedenen Quellen Deskriptive Datenanalyse Statistische Beschreibung der Daten Induktive Datenanalyse Statistische \u00dcberpr\u00fcfung von Zusammenh\u00e4ngen anhand von Stichproben Explorative Datenanalyse Aufdecken bisher unbekannter Strukturen und Zusammenh\u00e4nge anhand von Stichproben<\/p>\n","protected":false},"author":1,"featured_media":0,"parent":0,"menu_order":0,"comment_status":"closed","ping_status":"closed","template":"","meta":{"site-sidebar-layout":"default","site-content-layout":"default","ast-site-content-layout":"default","site-content-style":"default","site-sidebar-style":"default","ast-global-header-display":"","ast-banner-title-visibility":"","ast-main-header-display":"","ast-hfb-above-header-display":"","ast-hfb-below-header-display":"","ast-hfb-mobile-header-display":"","site-post-title":"","ast-breadcrumbs-content":"","ast-featured-img":"","footer-sml-layout":"","ast-disable-related-posts":"","theme-transparent-header-meta":"default","adv-header-id-meta":"","stick-header-meta":"","header-above-stick-meta":"","header-main-stick-meta":"","header-below-stick-meta":"","astra-migrate-meta-layouts":"set","ast-page-background-enabled":"default","ast-page-background-meta":{"desktop":{"background-color":"","background-image":"","background-repeat":"repeat","background-position":"center center","background-size":"auto","background-attachment":"scroll","background-type":"","background-media":"","overlay-type":"","overlay-color":"","overlay-opacity":"","overlay-gradient":""},"tablet":{"background-color":"","background-image":"","background-repeat":"repeat","background-position":"center center","background-size":"auto","background-attachment":"scroll","background-type":"","background-media":"","overlay-type":"","overlay-color":"","overlay-opacity":"","overlay-gradient":""},"mobile":{"background-color":"","background-image":"","background-repeat":"repeat","background-position":"center center","background-size":"auto","background-attachment":"scroll","background-type":"","background-media":"","overlay-type":"","overlay-color":"","overlay-opacity":"","overlay-gradient":""}},"ast-content-background-meta":{"desktop":{"background-color":"var(--ast-global-color-5)","background-image":"","background-repeat":"repeat","background-position":"center center","background-size":"auto","background-attachment":"scroll","background-type":"","background-media":"","overlay-type":"","overlay-color":"","overlay-opacity":"","overlay-gradient":""},"tablet":{"background-color":"var(--ast-global-color-5)","background-image":"","background-repeat":"repeat","background-position":"center center","background-size":"auto","background-attachment":"scroll","background-type":"","background-media":"","overlay-type":"","overlay-color":"","overlay-opacity":"","overlay-gradient":""},"mobile":{"background-color":"var(--ast-global-color-5)","background-image":"","background-repeat":"repeat","background-position":"center center","background-size":"auto","background-attachment":"scroll","background-type":"","background-media":"","overlay-type":"","overlay-color":"","overlay-opacity":"","overlay-gradient":""}},"footnotes":""},"class_list":["post-12","page","type-page","status-publish","hentry"],"_links":{"self":[{"href":"https:\/\/weischet.de\/index.php?rest_route=\/wp\/v2\/pages\/12","targetHints":{"allow":["GET"]}}],"collection":[{"href":"https:\/\/weischet.de\/index.php?rest_route=\/wp\/v2\/pages"}],"about":[{"href":"https:\/\/weischet.de\/index.php?rest_route=\/wp\/v2\/types\/page"}],"author":[{"embeddable":true,"href":"https:\/\/weischet.de\/index.php?rest_route=\/wp\/v2\/users\/1"}],"replies":[{"embeddable":true,"href":"https:\/\/weischet.de\/index.php?rest_route=%2Fwp%2Fv2%2Fcomments&post=12"}],"version-history":[{"count":2,"href":"https:\/\/weischet.de\/index.php?rest_route=\/wp\/v2\/pages\/12\/revisions"}],"predecessor-version":[{"id":39,"href":"https:\/\/weischet.de\/index.php?rest_route=\/wp\/v2\/pages\/12\/revisions\/39"}],"wp:attachment":[{"href":"https:\/\/weischet.de\/index.php?rest_route=%2Fwp%2Fv2%2Fmedia&parent=12"}],"curies":[{"name":"wp","href":"https:\/\/api.w.org\/{rel}","templated":true}]}}